{"id":31406,"date":"2023-12-28T15:05:42","date_gmt":"2023-12-28T14:05:42","guid":{"rendered":"https:\/\/www.motivgruppe-musik.com\/?page_id=31406"},"modified":"2023-12-28T16:09:19","modified_gmt":"2023-12-28T15:09:19","slug":"pressemeldungen-2023","status":"publish","type":"page","link":"https:\/\/www.motivgruppe-musik.com\/en\/pressemeldungen-archiv\/pressemeldungen-2023\/","title":{"rendered":"Press Reports 2023"},"content":{"rendered":"<p><center><a class=\"wpe-button wpe-button-blue\" href=\"https:\/\/www.motivgruppe-musik.com\/pressemeldungen-archiv\/\">Archive of Press Reports<\/a><\/center><br \/>\n&nbsp;<br \/>\n\n<table id=\"tablepress-87-no-2\" class=\"tablepress tablepress-id-87\">\n<tbody class=\"row-striping row-hover\">\n<tr class=\"row-1\">\n\t<td class=\"column-1\"><center><img decoding=\"async\" src=\"https:\/\/www.motivgruppe-musik.com\/wp-content\/uploads\/2023\/08\/Menuhin-Trophy-2023-mini-1.jpg\" alt=\"\" width=\"180\" class=\"alignnone\" \/><\/center><\/td><td class=\"column-2\"><strong><a href=\"https:\/\/www.motivgruppe-musik.com\/wp-content\/uploads\/2023\/12\/PM-smv-thema-12.pdf\" target=\"_new\" rel=\"noopener noreferrer\">Yehudi Menuhin Trophy 2023<\/a><\/strong>&nbsp;&nbsp;<img decoding=\"async\" src=\"https:\/\/www.motivgruppe-musik.com\/wp-content\/uploads\/2016\/12\/flagde.gif\" width=\"25\" \/>&nbsp;<img decoding=\"async\" src=\"https:\/\/www.motivgruppe-musik.com\/wp-content\/uploads\/2017\/01\/flagfr.gif\" width=\"25\" \/><br \/>\n&nbsp;<br \/>\n<img decoding=\"async\" src=\"https:\/\/www.motivgruppe-musik.com\/wp-content\/uploads\/2023\/02\/presse-thema-schweiz.jpg\" alt=\"\" width=\"60\" class=\"noborder\" \/>&nbsp;&nbsp;SMV-Thema 12\/2023<\/td>\n<\/tr>\n<tr class=\"row-2\">\n\t<td class=\"column-1\"><center><img decoding=\"async\" src=\"https:\/\/www.motivgruppe-musik.com\/wp-content\/uploads\/2017\/03\/musikus.jpg\" alt=\"\" width=\"180\" class=\"alignnone\" \/><\/center><\/td><td class=\"column-2\"><strong><a href=\"https:\/\/www.motivgruppe-musik.com\/wp-content\/uploads\/2023\/12\/PM-topical-time-2023-11.jpg\" target=\"_new\" rel=\"noopener noreferrer\">Motivgruppe Musik (International Philatelic Music Study Group)<\/a><\/strong>&nbsp;&nbsp;<img decoding=\"async\" src=\"https:\/\/www.motivgruppe-musik.com\/wp-content\/uploads\/2016\/12\/flaggb.gif\" width=\"25\" \/><br \/>\n&nbsp;<br \/>\n<img decoding=\"async\" src=\"https:\/\/www.motivgruppe-musik.com\/wp-content\/uploads\/2023\/07\/ATA-Logo-Horizontal.png\" alt=\"\" width=\"60\" class=\"noborder\" \/>&nbsp;&nbsp;Topical Time 12\/2023<\/td>\n<\/tr>\n<tr class=\"row-3\">\n\t<td class=\"column-1\"><center><img decoding=\"async\" src=\"https:\/\/www.motivgruppe-musik.com\/wp-content\/uploads\/2017\/03\/musikus.jpg\" alt=\"\" width=\"180\" class=\"alignnone\" \/><\/center><\/td><td class=\"column-2\"><strong><a href=\"https:\/\/www.motivgruppe-musik.com\/wp-content\/uploads\/2023\/11\/PM-topical-time-2023-09.jpg\" target=\"_new\" rel=\"noopener noreferrer\">Motivgruppe Musik (International Philatelic Music Study Group)<\/a><\/strong>&nbsp;&nbsp;<img decoding=\"async\" src=\"https:\/\/www.motivgruppe-musik.com\/wp-content\/uploads\/2016\/12\/flaggb.gif\" width=\"25\" \/><br \/>\n&nbsp;<br \/>\n<img decoding=\"async\" src=\"https:\/\/www.motivgruppe-musik.com\/wp-content\/uploads\/2023\/07\/ATA-Logo-Horizontal.png\" alt=\"\" width=\"60\" class=\"noborder\" \/>&nbsp;&nbsp;Topical Time 11\/2023<\/td>\n<\/tr>\n<tr class=\"row-4\">\n\t<td class=\"column-1\"><center><img decoding=\"async\" src=\"https:\/\/www.motivgruppe-musik.com\/wp-content\/uploads\/2023\/08\/Menuhin-Trophy-2023-mini-1.jpg\" alt=\"\" width=\"180\" class=\"alignnone\" \/><\/center><\/td><td class=\"column-2\"><strong><a href=\"https:\/\/www.motivgruppe-musik.com\/wp-content\/uploads\/2023\/11\/PM-die-briefmarke-2023-10.pdf\" target=\"_new\" rel=\"noopener noreferrer\">Siegerland \u00d6sterreich - Kirsten Lubach gewinnt Yehudi-Menuhin-Trophy 2023<\/a><\/strong>&nbsp;&nbsp;<img decoding=\"async\" src=\"https:\/\/www.motivgruppe-musik.com\/wp-content\/uploads\/2016\/12\/flagde.gif\" width=\"25\" \/><br \/>\n&nbsp;<br \/>\n<img decoding=\"async\" src=\"https:\/\/www.motivgruppe-musik.com\/wp-content\/uploads\/2023\/02\/presse-die-briefmarke.jpg\" alt=\"\" width=\"60\" class=\"noborder\" \/>&nbsp;&nbsp;Die Briefmarke 10\/2023<\/td>\n<\/tr>\n<tr class=\"row-5\">\n\t<td class=\"column-1\"><center><img decoding=\"async\" src=\"https:\/\/www.motivgruppe-musik.com\/wp-content\/uploads\/2023\/08\/Menuhin-Trophy-2023-mini-1.jpg\" alt=\"\" width=\"180\" class=\"alignnone\" \/><\/center><\/td><td class=\"column-2\"><strong><a href=\"https:\/\/www.motivgruppe-musik.com\/wp-content\/uploads\/2023\/11\/PM-philatelie-2023-10.jpg\" target=\"_new\" rel=\"noopener noreferrer\">Sch\u00f6nste Musikmarke 2022<\/a><\/strong>&nbsp;&nbsp;<img decoding=\"async\" src=\"https:\/\/www.motivgruppe-musik.com\/wp-content\/uploads\/2016\/12\/flagde.gif\" width=\"25\" \/><br \/>\n&nbsp;<br \/>\n<img decoding=\"async\" src=\"https:\/\/www.motivgruppe-musik.com\/wp-content\/uploads\/2023\/11\/presse-philatelie.jpg\" alt=\"\" width=\"60\" class=\"noborder\" \/>&nbsp;&nbsp;Philatelie 10\/2023<\/td>\n<\/tr>\n<tr class=\"row-6\">\n\t<td class=\"column-1\"><center><img decoding=\"async\" src=\"https:\/\/www.motivgruppe-musik.com\/wp-content\/uploads\/2023\/08\/Menuhin-Trophy-2023-mini-1.jpg\" alt=\"\" width=\"180\" class=\"alignnone\" \/><\/center><\/td><td class=\"column-2\"><strong><a href=\"https:\/\/www.motivgruppe-musik.com\/wp-content\/uploads\/2023\/11\/PM-postfrisch-2023-10-1.jpg\" target=\"_new\" rel=\"noopener noreferrer\">Die sch\u00f6nste Musikbriefmarke 2022<\/a><\/strong>&nbsp;&nbsp;<img decoding=\"async\" src=\"https:\/\/www.motivgruppe-musik.com\/wp-content\/uploads\/2016\/12\/flagde.gif\" width=\"25\" \/><br \/>\n&nbsp;<br \/>\n<img decoding=\"async\" src=\"https:\/\/www.motivgruppe-musik.com\/wp-content\/uploads\/2023\/11\/presse-postfrisch.jpg\" alt=\"\" width=\"90\" class=\"noborder\" \/>&nbsp;&nbsp;Postfrisch 10\/2023<\/td>\n<\/tr>\n<tr class=\"row-7\">\n\t<td class=\"column-1\"><center><img decoding=\"async\" src=\"https:\/\/www.motivgruppe-musik.com\/wp-content\/uploads\/2023\/08\/Menuhin-Trophy-2023-mini-1.jpg\" alt=\"\" width=\"180\" class=\"alignnone\" \/><\/center><\/td><td class=\"column-2\"><strong><a href=\"https:\/\/www.motivgruppe-musik.com\/wp-content\/uploads\/2023\/11\/PM-briefmarken-revue-2023-10.jpg\" target=\"_new\" rel=\"noopener noreferrer\">Sch\u00f6nste Musik-Briefmarke 2023 kommt aus \u00d6sterreich!<\/a><\/strong>&nbsp;&nbsp;<img decoding=\"async\" src=\"https:\/\/www.motivgruppe-musik.com\/wp-content\/uploads\/2016\/12\/flagde.gif\" width=\"25\" \/><br \/>\n&nbsp;<br \/>\n<img decoding=\"async\" src=\"https:\/\/www.motivgruppe-musik.com\/wp-content\/uploads\/2023\/02\/presse-briefmarken-revue.jpg\" alt=\"\" width=\"90\" class=\"noborder\" \/>&nbsp;&nbsp;Deutsche Briefmarken-Revue 10\/2023<\/td>\n<\/tr>\n<tr class=\"row-8\">\n\t<td class=\"column-1\"><center><img decoding=\"async\" src=\"https:\/\/www.motivgruppe-musik.com\/wp-content\/uploads\/2023\/08\/Menuhin-Trophy-2023-mini-1.jpg\" alt=\"\" width=\"180\" class=\"alignnone\" \/><\/center><\/td><td class=\"column-2\"><strong><a href=\"https:\/\/www.motivgruppe-musik.com\/wp-content\/uploads\/2023\/11\/PM-briefmarken-spiegel-2023-10.jpg\" target=\"_new\" rel=\"noopener noreferrer\">Kreatives Design<\/a><\/strong>&nbsp;&nbsp;<img decoding=\"async\" src=\"https:\/\/www.motivgruppe-musik.com\/wp-content\/uploads\/2016\/12\/flagde.gif\" width=\"25\" \/><br \/>\n&nbsp;<br \/>\n<img decoding=\"async\" src=\"https:\/\/www.motivgruppe-musik.com\/wp-content\/uploads\/2023\/02\/presse-briefmarkenspiegel.jpg\" alt=\"\" width=\"60\" class=\"noborder\" \/>&nbsp;&nbsp;Briefmarken Spiegel 10\/2023<\/td>\n<\/tr>\n<tr class=\"row-9\">\n\t<td class=\"column-1\"><center><img decoding=\"async\" src=\"https:\/\/www.motivgruppe-musik.com\/wp-content\/uploads\/2023\/08\/Menuhin-Trophy-2023-mini-1.jpg\" alt=\"\" width=\"180\" class=\"alignnone\" \/><\/center><\/td><td class=\"column-2\"><strong><a href=\"https:\/\/www.motivgruppe-musik.com\/wp-content\/uploads\/2023\/11\/PM-dbz-2023-09.jpg\" target=\"_new\" rel=\"noopener noreferrer\">Sch\u00f6nste der Musik - Yehudi-Menuhin-Preis f\u00fcr Design<\/a><\/strong>&nbsp;&nbsp;<img decoding=\"async\" src=\"https:\/\/www.motivgruppe-musik.com\/wp-content\/uploads\/2016\/12\/flagde.gif\" width=\"25\" \/><br \/>\n&nbsp;<br \/>\n<img decoding=\"async\" src=\"https:\/\/www.motivgruppe-musik.com\/wp-content\/uploads\/2023\/02\/presse-dbz.jpg\" alt=\"\" width=\"60\" class=\"noborder\" \/>&nbsp;&nbsp;Deutsche Briefmarken-Zeitung 09\/2023<\/td>\n<\/tr>\n<tr class=\"row-10\">\n\t<td class=\"column-1\"><center><img decoding=\"async\" src=\"https:\/\/www.motivgruppe-musik.com\/wp-content\/uploads\/2023\/08\/Menuhin-Trophy-2023-mini-1.jpg\" alt=\"\" width=\"180\" class=\"alignnone\" \/><\/center><\/td><td class=\"column-2\"><strong><a href=\"https:\/\/www.motivgruppe-musik.com\/wp-content\/uploads\/2023\/09\/PM-chinese-philately-news-2023-08.jpg\" target=\"_new\" rel=\"noopener noreferrer\">Yehudi-Menuhin-Trophy 2023<\/a><\/strong>&nbsp;&nbsp;<img decoding=\"async\" src=\"https:\/\/www.motivgruppe-musik.com\/wp-content\/uploads\/2018\/04\/flagchin.gif\" width=\"25\" \/><br \/>\n&nbsp;<br \/>\n<img decoding=\"async\" src=\"https:\/\/www.motivgruppe-musik.com\/wp-content\/uploads\/2023\/05\/presse-cpn.jpg\" alt=\"\" width=\"60\" class=\"noborder\" \/>&nbsp;&nbsp;Chinese Philately News  08\/2023<\/td>\n<\/tr>\n<tr class=\"row-11\">\n\t<td class=\"column-1\"><center><img decoding=\"async\" src=\"https:\/\/www.motivgruppe-musik.com\/wp-content\/uploads\/2023\/08\/Menuhin-Trophy-2023-mini-1.jpg\" alt=\"\" width=\"180\" class=\"alignnone\" \/><\/center><\/td><td class=\"column-2\"><strong><a href=\"https:\/\/www.filatelista-tematico-blog.net\/resultado-o-melhor-selo-do-tema-musica-de-2022\/\" target=\"_new\" rel=\"noopener noreferrer\">Resultado: O Melhor Selo do Tema M\u00fasica de 2022<\/a><\/strong>&nbsp;&nbsp;<img decoding=\"async\" src=\"https:\/\/www.motivgruppe-musik.com\/wp-content\/uploads\/2016\/07\/flagpt.gif\" width=\"25\" \/><br \/>\n&nbsp;<br \/>\n<img decoding=\"async\" src=\"https:\/\/www.motivgruppe-musik.com\/wp-content\/uploads\/2023\/02\/presse-filatelista-tematico.jpg\" alt=\"\" width=\"90\" class=\"noborder\" \/>&nbsp;&nbsp;Filatelista Tematico  08\/2023<\/td>\n<\/tr>\n<tr class=\"row-12\">\n\t<td class=\"column-1\"><center><img decoding=\"async\" src=\"https:\/\/www.motivgruppe-musik.com\/wp-content\/uploads\/2023\/08\/Menuhin-Trophy-2023-mini-1.jpg\" alt=\"\" width=\"180\" class=\"alignnone\" \/><\/center><\/td><td class=\"column-2\"><strong><a href=\"https:\/\/canadianstampnews.com\/trombone-stamp-wins-most-popular-music-stamp-of-22\/\" target=\"_new\" rel=\"noopener noreferrer\">Trombone stamp wins most popular music stamp of \u201922<\/a><\/strong>&nbsp;&nbsp;<img decoding=\"async\" src=\"https:\/\/www.motivgruppe-musik.com\/wp-content\/uploads\/2016\/12\/flaggb.gif\" width=\"25\" \/><br \/>\n&nbsp;<br \/>\n<img decoding=\"async\" src=\"https:\/\/www.motivgruppe-musik.com\/wp-content\/uploads\/2023\/02\/presse-canadian-stamp-news.jpg\" alt=\"\" width=\"90\" class=\"noborder\" \/>&nbsp;&nbsp;Canadian Stamp News  08\/2023<\/td>\n<\/tr>\n<tr class=\"row-13\">\n\t<td class=\"column-1\"><center><img decoding=\"async\" src=\"https:\/\/www.motivgruppe-musik.com\/wp-content\/uploads\/2023\/08\/Menuhin-Trophy-2023-mini-1.jpg\" alt=\"\" width=\"180\" class=\"alignnone\" \/><\/center><\/td><td class=\"column-2\"><strong><a href=\"https:\/\/www.linns.com\/news\/world-stamps-postal-history\/trombone-design-tops-poll-for-2022-s-most-popular-music-stamp\" target=\"_new\" rel=\"noopener noreferrer\">Trombone design tops poll for 2022\u2019s most popular music stamp<\/a><\/strong>&nbsp;&nbsp;<img decoding=\"async\" src=\"https:\/\/www.motivgruppe-musik.com\/wp-content\/uploads\/2016\/12\/flaggb.gif\" width=\"25\" \/><br \/>\n&nbsp;<br \/>\n<img decoding=\"async\" src=\"https:\/\/www.motivgruppe-musik.com\/wp-content\/uploads\/2023\/02\/presse-linns.jpg\" alt=\"\" width=\"60\" class=\"noborder\" \/>&nbsp;&nbsp;Linn's Stamp News  08\/2023<\/td>\n<\/tr>\n<tr class=\"row-14\">\n\t<td class=\"column-1\"><center><img decoding=\"async\" src=\"https:\/\/www.motivgruppe-musik.com\/wp-content\/uploads\/2023\/08\/Menuhin-Trophy-2023-mini-1.jpg\" alt=\"\" width=\"180\" class=\"alignnone\" \/><\/center><\/td><td class=\"column-2\"><strong><a href=\"https:\/\/o-filatelista.blogspot.com\/2023\/08\/o-trofeu-yehudi-menuhin-2023.html\" target=\"_new\" rel=\"noopener noreferrer\">O Trof\u00e9u Yehudi Menuhin 2023<\/a><\/strong>&nbsp;&nbsp;<img decoding=\"async\" src=\"https:\/\/www.motivgruppe-musik.com\/wp-content\/uploads\/2016\/07\/flagpt.gif\" width=\"25\" \/><br \/>\n&nbsp;<br \/>\n<img decoding=\"async\" src=\"https:\/\/www.motivgruppe-musik.com\/wp-content\/uploads\/2023\/02\/presse-Ofilatelista.jpg\" alt=\"\" width=\"90\" class=\"noborder\" \/>&nbsp;&nbsp;O Filatelista  08\/2023<\/td>\n<\/tr>\n<tr class=\"row-15\">\n\t<td class=\"column-1\"><center><img decoding=\"async\" src=\"https:\/\/www.motivgruppe-musik.com\/wp-content\/uploads\/2023\/08\/Menuhin-Trophy-2023-mini-1.jpg\" alt=\"\" width=\"180\" class=\"alignnone\" \/><\/center><\/td><td class=\"column-2\"><strong><a href=\"https:\/\/www.motivgruppe-musik.com\/wp-content\/uploads\/2023\/08\/philatelica-serie-noua-1672-2023-modif-ortwin-trapp.pdf\" target=\"_new\" rel=\"noopener noreferrer\">Yehudi Menuhin Trophy 2023<\/a><\/strong>&nbsp;&nbsp;<img decoding=\"async\" src=\"https:\/\/www.motivgruppe-musik.com\/wp-content\/uploads\/2016\/07\/flaggb.gif\" width=\"25\" \/><br \/>\n&nbsp;<br \/>\n<img decoding=\"async\" src=\"https:\/\/www.motivgruppe-musik.com\/wp-content\/uploads\/2023\/08\/presse_philatelica-ro-1.gif\" alt=\"\" width=\"90\" class=\"noborder\" \/>&nbsp;&nbsp;Philatelica.ro  07-09\/2023<\/td>\n<\/tr>\n<tr class=\"row-16\">\n\t<td class=\"column-1\"><center><img decoding=\"async\" src=\"https:\/\/www.motivgruppe-musik.com\/wp-content\/uploads\/2022\/02\/mix-2023-scaled.jpg\" alt=\"\" width=\"180\" class=\"alignnone\" \/><\/center><\/td><td class=\"column-2\"><strong><a href=\"https:\/\/www.motivgruppe-musik.com\/wp-content\/uploads\/2023\/06\/smv-thema-06-2023.pdf\" target=\"_new\" rel=\"noopener noreferrer\">Musikmarke - 2022 - Timbre musique<\/a><\/strong>&nbsp;&nbsp;<img decoding=\"async\" src=\"https:\/\/www.motivgruppe-musik.com\/wp-content\/uploads\/2016\/12\/flagde.gif\" width=\"25\" \/>&nbsp;<img decoding=\"async\" src=\"https:\/\/www.motivgruppe-musik.com\/wp-content\/uploads\/2017\/01\/flagfr.gif\" width=\"25\"<br \/>\n&nbsp;<br \/>\n<img decoding=\"async\" src=\"https:\/\/www.motivgruppe-musik.com\/wp-content\/uploads\/2023\/02\/presse-thema-schweiz.jpg\" alt=\"\" width=\"60\" class=\"noborder\" \/>&nbsp;&nbsp;SMV-Thema 06\/2023<\/td>\n<\/tr>\n<tr class=\"row-17\">\n\t<td class=\"column-1\"><center><img decoding=\"async\" src=\"https:\/\/www.motivgruppe-musik.com\/wp-content\/uploads\/2017\/03\/musikus.jpg\" alt=\"\" width=\"180\" class=\"alignnone\" \/><\/center><\/td><td class=\"column-2\"><strong><a href=\"https:\/\/www.motivgruppe-musik.com\/wp-content\/uploads\/2023\/05\/PM-topical-time-2023-05.jpg\" target=\"_new\" rel=\"noopener noreferrer\">Motivgruppe Musik (International Philatelic Music Study Group)<\/a><\/strong>&nbsp;&nbsp;<img decoding=\"async\" src=\"https:\/\/www.motivgruppe-musik.com\/wp-content\/uploads\/2016\/12\/flaggb.gif\" width=\"25\" \/><br \/>\n&nbsp;<br \/>\n<img decoding=\"async\" src=\"https:\/\/www.motivgruppe-musik.com\/wp-content\/uploads\/2023\/02\/presse-ATA.jpg\" alt=\"\" width=\"60\" class=\"noborder\" \/>&nbsp;&nbsp;Topical Time 05\/2023<\/td>\n<\/tr>\n<tr class=\"row-18\">\n\t<td class=\"column-1\"><center><img decoding=\"async\" src=\"https:\/\/www.motivgruppe-musik.com\/wp-content\/uploads\/2022\/02\/mix-2023-scaled.jpg\" alt=\"\" width=\"180\" class=\"alignnone\" \/><\/center><\/td><td class=\"column-2\"><strong><a href=\"https:\/\/www.motivgruppe-musik.com\/wp-content\/uploads\/2023\/05\/PM-die-briefmarke-2023-05.jpg\" target=\"_new\" rel=\"noopener noreferrer\">Wahl der sch\u00f6nsten Musikbriefmarke 2022 - Abstimmung unter www.motivgruppe-musik.com<\/a><\/strong>&nbsp;&nbsp;<img decoding=\"async\" src=\"https:\/\/www.motivgruppe-musik.com\/wp-content\/uploads\/2016\/12\/flagde.gif\" width=\"25\" \/><br \/>\n&nbsp;<br \/>\n<img decoding=\"async\" src=\"https:\/\/www.motivgruppe-musik.com\/wp-content\/uploads\/2023\/02\/presse-die-briefmarke.jpg\" alt=\"\" width=\"60\" class=\"noborder\" \/>&nbsp;&nbsp;Die Briefmarke 05\/2023<\/td>\n<\/tr>\n<tr class=\"row-19\">\n\t<td class=\"column-1\"><center><img decoding=\"async\" src=\"https:\/\/www.motivgruppe-musik.com\/wp-content\/uploads\/2022\/02\/mix-2023-scaled.jpg\" alt=\"\" width=\"180\" class=\"alignnone\" \/><\/center><\/td><td class=\"column-2\"><strong><a href=\"https:\/\/www.motivgruppe-musik.com\/wp-content\/uploads\/2023\/05\/PM-philatelie-2023-05.jpg\" target=\"_new\" rel=\"noopener noreferrer\">Sch\u00f6nste Musikmarke gesucht!<\/a><\/strong>&nbsp;&nbsp;<img decoding=\"async\" src=\"https:\/\/www.motivgruppe-musik.com\/wp-content\/uploads\/2016\/12\/flagde.gif\" width=\"25\" \/><br \/>\n&nbsp;<br \/>\n<img decoding=\"async\" src=\"https:\/\/www.motivgruppe-musik.com\/wp-content\/uploads\/2023\/02\/presse-bdph.jpg\" alt=\"\" width=\"60\" class=\"noborder\" \/>&nbsp;&nbsp;Philatelie BDPh 05\/2023<\/td>\n<\/tr>\n<tr class=\"row-20\">\n\t<td class=\"column-1\"><center><img decoding=\"async\" src=\"https:\/\/www.motivgruppe-musik.com\/wp-content\/uploads\/2022\/02\/mix-2023-scaled.jpg\" alt=\"\" width=\"180\" class=\"alignnone\" \/><\/center><\/td><td class=\"column-2\"><strong><a href=\"https:\/\/www.motivgruppe-musik.com\/wp-content\/uploads\/2023\/05\/PM-briefmarken-revue-2023-05.jpg\" target=\"_new\" rel=\"noopener noreferrer\">Wahl der sch\u00f6nsten Musikbriefmarke 2022<\/a><\/strong>&nbsp;&nbsp;<img decoding=\"async\" src=\"https:\/\/www.motivgruppe-musik.com\/wp-content\/uploads\/2016\/12\/flagde.gif\" width=\"25\" \/><br \/>\n&nbsp;<br \/>\n<img decoding=\"async\" src=\"https:\/\/www.motivgruppe-musik.com\/wp-content\/uploads\/2023\/02\/presse-briefmarken-revue.jpg\" alt=\"\" width=\"90\" class=\"noborder\" \/>&nbsp;&nbsp;Deutsche Briefmarken-Revue  05\/2023<\/td>\n<\/tr>\n<tr class=\"row-21\">\n\t<td class=\"column-1\"><center><img decoding=\"async\" src=\"https:\/\/www.motivgruppe-musik.com\/wp-content\/uploads\/2022\/02\/mix-2023-scaled.jpg\" alt=\"\" width=\"180\" class=\"alignnone\" \/><\/center><\/td><td class=\"column-2\"><strong><a href=\"https:\/\/www.motivgruppe-musik.com\/wp-content\/uploads\/2023\/05\/PM-briefmarken-spiegel-2023-05.jpg\" target=\"_new\" rel=\"noopener noreferrer\">Sch\u00f6nste Marke<\/a><\/strong>&nbsp;&nbsp;<img decoding=\"async\" src=\"https:\/\/www.motivgruppe-musik.com\/wp-content\/uploads\/2016\/12\/flagde.gif\" width=\"25\" \/><br \/>\n&nbsp;<br \/>\n<img decoding=\"async\" src=\"https:\/\/www.motivgruppe-musik.com\/wp-content\/uploads\/2023\/02\/presse-briefmarkenspiegel.jpg\" alt=\"\" width=\"60\" class=\"noborder\" \/>&nbsp;&nbsp;Briefmarken Spiegel  05\/2023<\/td>\n<\/tr>\n<tr class=\"row-22\">\n\t<td class=\"column-1\"><center><img decoding=\"async\" src=\"https:\/\/www.motivgruppe-musik.com\/wp-content\/uploads\/2022\/02\/mix-2023-scaled.jpg\" alt=\"\" width=\"180\" class=\"alignnone\" \/><\/center><\/td><td class=\"column-2\"><strong><a href=\"https:\/\/www.motivgruppe-musik.com\/wp-content\/uploads\/2023\/05\/PM-dbz-2023-04-1.jpg\" target=\"_new\" rel=\"noopener noreferrer\">Sch\u00f6nste Musikmarke - Motivgruppe Musik sucht besten Designer<\/a><\/strong>&nbsp;&nbsp;<img decoding=\"async\" src=\"https:\/\/www.motivgruppe-musik.com\/wp-content\/uploads\/2016\/12\/flagde.gif\" width=\"25\" \/><br \/>\n&nbsp;<br \/>\n<img decoding=\"async\" src=\"https:\/\/www.motivgruppe-musik.com\/wp-content\/uploads\/2023\/02\/presse-dbz.jpg\" alt=\"\" width=\"60\" class=\"noborder\" \/>&nbsp;&nbsp;Deutsche Briefmarken-Zeitung  04\/2023<\/td>\n<\/tr>\n<tr class=\"row-23\">\n\t<td class=\"column-1\"><center><img decoding=\"async\" src=\"https:\/\/www.motivgruppe-musik.com\/wp-content\/uploads\/2022\/02\/mix-2023-scaled.jpg\" alt=\"\" width=\"180\" class=\"alignnone\" \/><\/center><\/td><td class=\"column-2\"><strong><a href=\"https:\/\/www.motivgruppe-musik.com\/wp-content\/uploads\/2023\/05\/PM-chinese-philately-news-2023-04.jpg\" target=\"_new\" rel=\"noopener noreferrer\">W\u00e4hlen Sie die sch\u00f6nste Musikbriefmarke 2022<\/a><\/strong>&nbsp;&nbsp;<img decoding=\"async\" src=\"https:\/\/www.motivgruppe-musik.com\/wp-content\/uploads\/2018\/04\/flagchin.gif\" width=\"25\" \/><br \/>\n&nbsp;<br \/>\n<img decoding=\"async\" src=\"https:\/\/www.motivgruppe-musik.com\/wp-content\/uploads\/2023\/05\/presse-cpn.jpg\" alt=\"\" width=\"60\" class=\"noborder\" \/>&nbsp;&nbsp;Chinese Philately News  04\/2023<\/td>\n<\/tr>\n<tr class=\"row-24\">\n\t<td class=\"column-1\"><center><img decoding=\"async\" src=\"https:\/\/www.motivgruppe-musik.com\/wp-content\/uploads\/2022\/02\/mix-2023-scaled.jpg\" alt=\"\" width=\"180\" class=\"alignnone\" \/><\/center><\/td><td class=\"column-2\"><strong><a href=\"https:\/\/stamps.org\/news\/c\/news\/cat\/local\/post\/vote-for-the-most-popular-music-stamp-2022\" target=\"_new\" rel=\"noopener noreferrer\">Vote for the most popular music stamp 2022<\/a><\/strong>&nbsp;&nbsp;<img decoding=\"async\" src=\"https:\/\/www.motivgruppe-musik.com\/wp-content\/uploads\/2016\/12\/flaggb.gif\" width=\"25\" \/><br \/>\n&nbsp;<br \/>\n<img decoding=\"async\" src=\"https:\/\/www.motivgruppe-musik.com\/wp-content\/uploads\/2023\/05\/presse-aps.jpg\" alt=\"\" width=\"90\" class=\"noborder\" \/>&nbsp;&nbsp;American Philatelic Society  04\/2023<\/td>\n<\/tr>\n<tr class=\"row-25\">\n\t<td class=\"column-1\"><center><img decoding=\"async\" src=\"https:\/\/www.motivgruppe-musik.com\/wp-content\/uploads\/2022\/02\/mix-2023-scaled.jpg\" alt=\"\" width=\"180\" class=\"alignnone\" \/><\/center><\/td><td class=\"column-2\"><strong><a href=\"https:\/\/www.motivgruppe-musik.com\/wp-content\/uploads\/2023\/04\/PM-junge-sammler-2023-04.jpg\" target=\"_new\" rel=\"noopener noreferrer\">Von Klassik bis Modern - Wahl der sch\u00f6nsten Musikbriefmarke<\/a><\/strong>&nbsp;&nbsp;<img decoding=\"async\" src=\"https:\/\/www.motivgruppe-musik.com\/wp-content\/uploads\/2016\/12\/flagde.gif\" width=\"25\" \/><br \/>\n&nbsp;<br \/>\n<img decoding=\"async\" src=\"https:\/\/www.motivgruppe-musik.com\/wp-content\/uploads\/2023\/02\/presse-dphj.jpg\" alt=\"\" width=\"60\" class=\"noborder\" \/>&nbsp;&nbsp;Junge Sammler  04\/2023<\/td>\n<\/tr>\n<tr class=\"row-26\">\n\t<td class=\"column-1\"><center><img decoding=\"async\" src=\"https:\/\/www.motivgruppe-musik.com\/wp-content\/uploads\/2017\/03\/musikus.jpg\" alt=\"\" width=\"180\" class=\"alignnone\" \/><\/center><\/td><td class=\"column-2\"><strong><a href=\"https:\/\/www.motivgruppe-musik.com\/wp-content\/uploads\/2023\/05\/PM-topical-time-2023-03.jpg\" target=\"_new\" rel=\"noopener noreferrer\">Motivgruppe Musik (International Philatelic Music Study Group)<\/a><\/strong>&nbsp;&nbsp;<img decoding=\"async\" src=\"https:\/\/www.motivgruppe-musik.com\/wp-content\/uploads\/2016\/12\/flaggb.gif\" width=\"25\" \/><br \/>\n&nbsp;<br \/>\n<img decoding=\"async\" src=\"https:\/\/www.motivgruppe-musik.com\/wp-content\/uploads\/2023\/02\/presse-ATA.jpg\" alt=\"\" width=\"60\" class=\"noborder\" \/>&nbsp;&nbsp;Topical Time  03\/2023<\/td>\n<\/tr>\n<tr class=\"row-27\">\n\t<td class=\"column-1\"><center><img decoding=\"async\" src=\"https:\/\/www.motivgruppe-musik.com\/wp-content\/uploads\/2022\/02\/mix-2023-scaled.jpg\" alt=\"\" width=\"180\" class=\"alignnone\" \/><\/center><\/td><td class=\"column-2\"><strong><a href=\"https:\/\/www.linns.com\/news\/us-stamps-postal-history\/music-study-group-opens-poll-for-best-2022-music-stamp\" target=\"_new\" rel=\"noopener noreferrer\">Music study group opens poll for best 2022 music stamp<\/a><\/strong>&nbsp;&nbsp;<img decoding=\"async\" src=\"https:\/\/www.motivgruppe-musik.com\/wp-content\/uploads\/2016\/12\/flaggb.gif\" width=\"25\" \/><br \/>\n&nbsp;<br \/>\n<img decoding=\"async\" src=\"https:\/\/www.motivgruppe-musik.com\/wp-content\/uploads\/2023\/02\/presse-linns.jpg\" alt=\"\" width=\"60\" class=\"noborder\" \/>&nbsp;&nbsp;Linn's stamp news  03\/2023<\/td>\n<\/tr>\n<tr class=\"row-28\">\n\t<td class=\"column-1\"><center><img decoding=\"async\" src=\"https:\/\/www.motivgruppe-musik.com\/wp-content\/uploads\/2022\/02\/mix-2023-scaled.jpg\" alt=\"\" width=\"180\" class=\"alignnone\" \/><\/center><\/td><td class=\"column-2\"><strong><a href=\"https:\/\/o-filatelista.blogspot.com\/2023\/03\/votacao-para-o-melhor-selo-de-musica-de.html\" target=\"_new\" rel=\"noopener noreferrer\">Vota\u00e7\u00e3o para o Melhor Selo de M\u00fasica de 2022<\/a><\/strong>&nbsp;&nbsp;<img decoding=\"async\" src=\"https:\/\/www.motivgruppe-musik.com\/wp-content\/uploads\/2016\/07\/flagpt.gif\" width=\"25\" \/><br \/>\n&nbsp;<br \/>\n<img decoding=\"async\" src=\"https:\/\/www.motivgruppe-musik.com\/wp-content\/uploads\/2023\/02\/presse-Ofilatelista.jpg\" alt=\"\" width=\"90\" class=\"noborder\" \/>&nbsp;&nbsp;O Filatelista  03\/2023<\/td>\n<\/tr>\n<tr class=\"row-29\">\n\t<td class=\"column-1\"><center><img decoding=\"async\" src=\"https:\/\/www.motivgruppe-musik.com\/wp-content\/uploads\/2022\/08\/uno-2.jpg\" alt=\"\" width=\"180\" class=\"alignnone\" \/><\/center><\/td><td class=\"column-2\"><strong><a href=\"https:\/\/www.motivgruppe-musik.com\/wp-content\/uploads\/2023\/02\/PM-shanghai-2023-02.pdf\" target=\"_new\" rel=\"noopener noreferrer\">Yehudi-Menuhin-Trophy 2022<\/a><\/strong>&nbsp;&nbsp;<img decoding=\"async\" src=\"https:\/\/www.motivgruppe-musik.com\/wp-content\/uploads\/2018\/04\/flagchin.gif\" width=\"25\" \/><br \/>\n&nbsp;<br \/>\n<img decoding=\"async\" src=\"https:\/\/www.motivgruppe-musik.com\/wp-content\/uploads\/2023\/02\/presse-shanghai-philately.jpg\" alt=\"\" width=\"90\" class=\"noborder\" \/>&nbsp;&nbsp;Shanghai Philately  02\/2023<\/td>\n<\/tr>\n<\/tbody>\n<\/table>\n<br \/>\n<\/p>","protected":false},"excerpt":{"rendered":"<p>Archive of Press Reports &nbsp;<\/p>\n","protected":false},"author":325,"featured_media":0,"parent":5097,"menu_order":0,"comment_status":"closed","ping_status":"closed","template":"","meta":{"ngg_post_thumbnail":0,"footnotes":""},"class_list":["post-31406","page","type-page","status-publish","hentry"],"_links":{"self":[{"href":"https:\/\/www.motivgruppe-musik.com\/en\/wp-json\/wp\/v2\/pages\/31406","targetHints":{"allow":["GET"]}}],"collection":[{"href":"https:\/\/www.motivgruppe-musik.com\/en\/wp-json\/wp\/v2\/pages"}],"about":[{"href":"https:\/\/www.motivgruppe-musik.com\/en\/wp-json\/wp\/v2\/types\/page"}],"author":[{"embeddable":true,"href":"https:\/\/www.motivgruppe-musik.com\/en\/wp-json\/wp\/v2\/users\/325"}],"replies":[{"embeddable":true,"href":"https:\/\/www.motivgruppe-musik.com\/en\/wp-json\/wp\/v2\/comments?post=31406"}],"version-history":[{"count":1,"href":"https:\/\/www.motivgruppe-musik.com\/en\/wp-json\/wp\/v2\/pages\/31406\/revisions"}],"predecessor-version":[{"id":31413,"href":"https:\/\/www.motivgruppe-musik.com\/en\/wp-json\/wp\/v2\/pages\/31406\/revisions\/31413"}],"up":[{"embeddable":true,"href":"https:\/\/www.motivgruppe-musik.com\/en\/wp-json\/wp\/v2\/pages\/5097"}],"wp:attachment":[{"href":"https:\/\/www.motivgruppe-musik.com\/en\/wp-json\/wp\/v2\/media?parent=31406"}],"curies":[{"name":"wp","href":"https:\/\/api.w.org\/{rel}","templated":true}]}}