{"id":4706,"date":"2026-03-07T17:00:37","date_gmt":"2026-03-07T16:00:37","guid":{"rendered":"https:\/\/www.motivgruppe-musik.com\/?page_id=4706"},"modified":"2026-03-07T18:25:26","modified_gmt":"2026-03-07T17:25:26","slug":"meine-favoriten","status":"publish","type":"page","link":"https:\/\/www.motivgruppe-musik.com\/en\/musik-philatelie\/yehudi-menuhin-trophy\/meine-favoriten\/","title":{"rendered":"Most Popular Music Stamp &#8211; My Favorites"},"content":{"rendered":"<p>1st Place (1 - 66)\n\t\t<span class=\"frm_required\" aria-hidden=\"true\">*<\/span>\n\t<\/label>\n\t<input type=\"number\" id=\"field_5gejr\" name=\"item_meta[8]\" value=\"\"  style=\"width:75px\" data-reqmsg=\"Input required\" aria-required=\"true\" data-invmsg=\"Input invalid\" class=\"auto_width\" aria-invalid=\"false\"   min=\"1\" max=\"66\" step=\"any\"\/>\n\t\n\t\n<\/div>\n<div id=\"frm_field_9_container\" class=\"frm_form_field form-field  frm_required_field frm_top_container\">\n\t<label for=\"field_itsj\" id=\"field_itsj_label\" class=\"frm_primary_label\">2nd Place (1 - 66)\n\t\t<span class=\"frm_required\" aria-hidden=\"true\">*<\/span>\n\t<\/label>\n\t<input type=\"number\" id=\"field_itsj\" name=\"item_meta[9]\" value=\"\"  style=\"width:75px\" data-reqmsg=\"Input required\" aria-required=\"true\" data-invmsg=\"Input invalid\" class=\"auto_width\" aria-invalid=\"false\"   min=\"1\" max=\"66\" step=\"any\"\/>\n\t\n\t\n<\/div>\n<div id=\"frm_field_10_container\" class=\"frm_form_field form-field  frm_required_field frm_top_container\">\n\t<label for=\"field_drp3a\" id=\"field_drp3a_label\" class=\"frm_primary_label\">3rd Place (1 - 66)\n\t\t<span class=\"frm_required\" aria-hidden=\"true\">*<\/span>\n\t<\/label>\n\t<input type=\"number\" id=\"field_drp3a\" name=\"item_meta[10]\" value=\"\"  style=\"width:75px\" data-reqmsg=\"Input required\" aria-required=\"true\" data-invmsg=\"Input invalid\" class=\"auto_width\" aria-invalid=\"false\"   min=\"1\" max=\"66\" step=\"any\"\/>\n\t\n\t\n<\/div>\n<div id=\"frm_field_15_container\" class=\"frm_form_field form-field  frm_required_field frm_top_container\">\n\t<label for=\"field_ke43m\" id=\"field_ke43m_label\" class=\"frm_primary_label\">First and Last Name\n\t\t<span class=\"frm_required\" aria-hidden=\"true\">*<\/span>\n\t<\/label>\n\t<input type=\"text\" id=\"field_ke43m\" name=\"item_meta[15]\" value=\"\"  style=\"width:250px\" maxlength=\"50\" data-reqmsg=\"Input required\" aria-required=\"true\" data-invmsg=\"Input invalid\" class=\"auto_width\" aria-invalid=\"false\"  \/>\n\t\n\t\n<\/div>\n<div id=\"frm_field_13_container\" class=\"frm_form_field form-field  frm_required_field frm_top_container\">\n\t<label for=\"field_s4ssp\" id=\"field_s4ssp_label\" class=\"frm_primary_label\">Country\n\t\t<span class=\"frm_required\" aria-hidden=\"true\">*<\/span>\n\t<\/label>\n\t<input type=\"text\" id=\"field_s4ssp\" name=\"item_meta[13]\" value=\"\"  style=\"width:250px\" maxlength=\"50\" data-reqmsg=\"Input required\" aria-required=\"true\" data-invmsg=\"Input invalid\" class=\"auto_width\" aria-invalid=\"false\"  \/>\n\t\n\t\n<\/div>\n<div id=\"frm_field_14_container\" class=\"frm_form_field form-field  frm_required_field frm_top_container\">\n\t<label for=\"field_8l53v\" id=\"field_8l53v_label\" class=\"frm_primary_label\">E-Mail\n\t\t<span class=\"frm_required\" aria-hidden=\"true\">*<\/span>\n\t<\/label>\n\t<input type=\"email\" id=\"field_8l53v\" name=\"item_meta[14]\" value=\"\"  style=\"width:250px\" maxlength=\"50\" data-reqmsg=\"Input required\" aria-required=\"true\" data-invmsg=\"Invalid Format\" class=\"auto_width\" aria-invalid=\"false\"  \/>\n\t\n\t\n<\/div>\n<div id=\"frm_field_6_container\" class=\"frm_form_field form-field \">\n\t<div class=\"frm_submit frm_flex\">\n<button class=\"frm_button_submit\" type=\"submit\"  >Submit<\/button>\n\n\n\n<\/div>\n<\/div>\n\t<input type=\"hidden\" name=\"item_key\" value=\"\" \/>\n\t\t\t<div id=\"frm_field_16_container\">\n\t\t\t<label for=\"field_39ndd\" >\n\t\t\t\tIf you are human, leave this field blank.\t\t\t<\/label>\n\t\t\t<input  id=\"field_39ndd\" type=\"text\" class=\"frm_form_field form-field frm_verify\" name=\"item_meta[16]\" value=\"\"  \/>\n\t\t<\/div>\n\t\t<input name=\"frm_state\" type=\"hidden\" value=\"624IyFy6DDL77cfhi1lpjfhC26jzKsIFrQfK4+fNvgY=\" \/><\/div>\n<\/fieldset>\n<\/div>\n\n<\/form>\n<\/div>\n<font size=\"-2\"><strong>Informationen zum Datenschutz (gem\u00e4\u00df Artikel 13 der Europ\u00e4ischen Datenschutz-Grundverordnung):<\/strong><br \/>\nDie Teilnahme an der Wahl zur sch\u00f6nsten Musikbriefmarke ist freiwillig. Mit dem Absenden des Formulars erkl\u00e4ren Sie sich damit einverstanden, dass die Motivgruppe Musik e.V. Ihren Namen und Ihre Email-Adresse speichert und in einen Email-Verteiler aufnimmt. Die Daten werden ausschlie\u00dflich dazu verwendet, die Abstimmung auszuwerten und die Teilnehmer \u00fcber das Ergebnis der Abstimmung zu informieren. Mit der Information \u00fcber das Ergebnis der Abstimmung erhalten Sie die M\u00f6glichkeit Ihre Daten l\u00f6schen zu lassen. Lassen Sie die Ihre Daten nicht l\u00f6schen, so stimmen Sie zu, dass wir Ihnen im n\u00e4chsten Jahr per Email eine Einladung zur Teilnahme an der Abstimmung f\u00fcr die sch\u00f6nste Musikbriefmarke senden.<br \/>\nEine Nutzung der Daten f\u00fcr andere Zwecke, sowie eine Weitergabe an Dritte erfolgt nicht.<\/font><!--- [ays_survey id=\"2\"] [wpforms id=\"36606\" title=\"false\"] ---><div class=\"frm_forms  with_frm_style frm_style_formidable-stil\" id=\"frm_form_2_container\" data-token=\"44657eaae29eee7d80301f91ddadb710\" data-token=\"44657eaae29eee7d80301f91ddadb710\">\n<form enctype=\"multipart\/form-data\" method=\"post\" class=\"frm-show-form \" id=\"form_abstimmungsformular-menuhin-trophy\" data-token=\"44657eaae29eee7d80301f91ddadb710\" data-token=\"44657eaae29eee7d80301f91ddadb710\">\n<div class=\"frm_form_fields \">\n<fieldset>\n<legend class=\"frm_screen_reader\">Abstimmungsformular Menuhin Trophy<\/legend>\n\n<div class=\"frm_fields_container\">\n<input type=\"hidden\" name=\"frm_action\" value=\"create\" \/>\n<input type=\"hidden\" name=\"form_id\" value=\"2\" \/>\n<input type=\"hidden\" name=\"frm_hide_fields_2\" id=\"frm_hide_fields_2\" value=\"\" \/>\n<input type=\"hidden\" name=\"form_key\" value=\"abstimmungsformular-menuhin-trophy\" \/>\n<input type=\"hidden\" name=\"item_meta[0]\" value=\"\" \/>\n<input type=\"hidden\" id=\"frm_submit_entry_2\" name=\"frm_submit_entry_2\" value=\"f688245298\" \/><input type=\"hidden\" name=\"_wp_http_referer\" value=\"\/en\/wp-json\/wp\/v2\/pages\/4706\" \/><div id=\"frm_field_8_container\" class=\"frm_form_field form-field  frm_required_field frm_top_container\">\n\t<label for=\"field_5gejr\" id=\"field_5gejr_label\" class=\"frm_primary_label\">1st Place (1 - 66)\n\t\t<span class=\"frm_required\" aria-hidden=\"true\">*<\/span>\n\t<\/label>\n\t<input type=\"number\" id=\"field_5gejr\" name=\"item_meta[8]\" value=\"\"  style=\"width:75px\" data-reqmsg=\"Input required\" aria-required=\"true\" data-invmsg=\"Input invalid\" class=\"auto_width\" aria-invalid=\"false\"   min=\"1\" max=\"66\" step=\"any\"\/>\n\t\n\t\n<\/div>\n<div id=\"frm_field_9_container\" class=\"frm_form_field form-field  frm_required_field frm_top_container\">\n\t<label for=\"field_itsj\" id=\"field_itsj_label\" class=\"frm_primary_label\">2nd Place (1 - 66)\n\t\t<span class=\"frm_required\" aria-hidden=\"true\">*<\/span>\n\t<\/label>\n\t<input type=\"number\" id=\"field_itsj\" name=\"item_meta[9]\" value=\"\"  style=\"width:75px\" data-reqmsg=\"Input required\" aria-required=\"true\" data-invmsg=\"Input invalid\" class=\"auto_width\" aria-invalid=\"false\"   min=\"1\" max=\"66\" step=\"any\"\/>\n\t\n\t\n<\/div>\n<div id=\"frm_field_10_container\" class=\"frm_form_field form-field  frm_required_field frm_top_container\">\n\t<label for=\"field_drp3a\" id=\"field_drp3a_label\" class=\"frm_primary_label\">3rd Place (1 - 66)\n\t\t<span class=\"frm_required\" aria-hidden=\"true\">*<\/span>\n\t<\/label>\n\t<input type=\"number\" id=\"field_drp3a\" name=\"item_meta[10]\" value=\"\"  style=\"width:75px\" data-reqmsg=\"Input required\" aria-required=\"true\" data-invmsg=\"Input invalid\" class=\"auto_width\" aria-invalid=\"false\"   min=\"1\" max=\"66\" step=\"any\"\/>\n\t\n\t\n<\/div>\n<div id=\"frm_field_15_container\" class=\"frm_form_field form-field  frm_required_field frm_top_container\">\n\t<label for=\"field_ke43m\" id=\"field_ke43m_label\" class=\"frm_primary_label\">First and Last Name\n\t\t<span class=\"frm_required\" aria-hidden=\"true\">*<\/span>\n\t<\/label>\n\t<input type=\"text\" id=\"field_ke43m\" name=\"item_meta[15]\" value=\"\"  style=\"width:250px\" maxlength=\"50\" data-reqmsg=\"Input required\" aria-required=\"true\" data-invmsg=\"Input invalid\" class=\"auto_width\" aria-invalid=\"false\"  \/>\n\t\n\t\n<\/div>\n<div id=\"frm_field_13_container\" class=\"frm_form_field form-field  frm_required_field frm_top_container\">\n\t<label for=\"field_s4ssp\" id=\"field_s4ssp_label\" class=\"frm_primary_label\">Country\n\t\t<span class=\"frm_required\" aria-hidden=\"true\">*<\/span>\n\t<\/label>\n\t<input type=\"text\" id=\"field_s4ssp\" name=\"item_meta[13]\" value=\"\"  style=\"width:250px\" maxlength=\"50\" data-reqmsg=\"Input required\" aria-required=\"true\" data-invmsg=\"Input invalid\" class=\"auto_width\" aria-invalid=\"false\"  \/>\n\t\n\t\n<\/div>\n<div id=\"frm_field_14_container\" class=\"frm_form_field form-field  frm_required_field frm_top_container\">\n\t<label for=\"field_8l53v\" id=\"field_8l53v_label\" class=\"frm_primary_label\">E-Mail\n\t\t<span class=\"frm_required\" aria-hidden=\"true\">*<\/span>\n\t<\/label>\n\t<input type=\"email\" id=\"field_8l53v\" name=\"item_meta[14]\" value=\"\"  style=\"width:250px\" maxlength=\"50\" data-reqmsg=\"Input required\" aria-required=\"true\" data-invmsg=\"Invalid Format\" class=\"auto_width\" aria-invalid=\"false\"  \/>\n\t\n\t\n<\/div>\n<div id=\"frm_field_6_container\" class=\"frm_form_field form-field \">\n\t<div class=\"frm_submit frm_flex\">\n<button class=\"frm_button_submit\" type=\"submit\"  >Submit<\/button>\n\n\n\n<\/div>\n<\/div>\n\t<input type=\"hidden\" name=\"item_key\" value=\"\" \/>\n\t\t\t<div id=\"frm_field_17_container\">\n\t\t\t<label for=\"field_7i2m0\" >\n\t\t\t\tIf you are human, leave this field blank.\t\t\t<\/label>\n\t\t\t<input  id=\"field_7i2m0\" type=\"text\" class=\"frm_form_field form-field frm_verify\" name=\"item_meta[17]\" value=\"\"  \/>\n\t\t<\/div>\n\t\t<input name=\"frm_state\" type=\"hidden\" value=\"624IyFy6DDL77cfhi1lpjXeRcUyK0j+OQACxgPYhkM0=\" \/><\/div>\n<\/fieldset>\n<\/div>\n\n<\/form>\n<\/div>\n<font size=\"-2\"><strong>Information on data protection (under Article 13 of the General European Data Protection Regulation):<\/strong><br \/>\nParticipation in the voting for the most popular music stamp is voluntary. By submitting this form, you agree that Motivgruppe Musik collects and stores your name and e-mail address in an e-mail distribution list. The data will only be used to evaluate the vote and to inform all participants about the result of the vote. With the information on the result of the vote you will get the option to delete your data. If you don&#8217;t delete the data, you agree that Motivgruppe Musik will send you an e-mail invitation to participate in the vote for the most popular music stamp next year.<br \/>\nUse of the data for other purposes, as well as the transfer of data to third parties will not occur.<\/font><\/p>","protected":false},"excerpt":{"rendered":"<p>Information on data protection (under Article 13 of the General European Data Protection Regulation): Participation in the voting for the most popular music stamp is voluntary. By submitting this form, you agree that Motivgruppe Musik collects and stores your name and e-mail address in an e-mail distribution list. The data will only be used to [&hellip;]<\/p>\n","protected":false},"author":1,"featured_media":0,"parent":4715,"menu_order":0,"comment_status":"closed","ping_status":"closed","template":"","meta":{"ngg_post_thumbnail":0,"footnotes":""},"class_list":["post-4706","page","type-page","status-publish","hentry"],"_links":{"self":[{"href":"https:\/\/www.motivgruppe-musik.com\/en\/wp-json\/wp\/v2\/pages\/4706","targetHints":{"allow":["GET"]}}],"collection":[{"href":"https:\/\/www.motivgruppe-musik.com\/en\/wp-json\/wp\/v2\/pages"}],"about":[{"href":"https:\/\/www.motivgruppe-musik.com\/en\/wp-json\/wp\/v2\/types\/page"}],"author":[{"embeddable":true,"href":"https:\/\/www.motivgruppe-musik.com\/en\/wp-json\/wp\/v2\/users\/1"}],"replies":[{"embeddable":true,"href":"https:\/\/www.motivgruppe-musik.com\/en\/wp-json\/wp\/v2\/comments?post=4706"}],"version-history":[{"count":2,"href":"https:\/\/www.motivgruppe-musik.com\/en\/wp-json\/wp\/v2\/pages\/4706\/revisions"}],"predecessor-version":[{"id":39205,"href":"https:\/\/www.motivgruppe-musik.com\/en\/wp-json\/wp\/v2\/pages\/4706\/revisions\/39205"}],"up":[{"embeddable":true,"href":"https:\/\/www.motivgruppe-musik.com\/en\/wp-json\/wp\/v2\/pages\/4715"}],"wp:attachment":[{"href":"https:\/\/www.motivgruppe-musik.com\/en\/wp-json\/wp\/v2\/media?parent=4706"}],"curies":[{"name":"wp","href":"https:\/\/api.w.org\/{rel}","templated":true}]}}