{"id":5471,"date":"2017-06-11T10:15:46","date_gmt":"2017-06-11T09:15:46","guid":{"rendered":"https:\/\/www.motivgruppe-musik.com\/?page_id=5471"},"modified":"2017-06-17T17:39:51","modified_gmt":"2017-06-17T16:39:51","slug":"fete-de-la-musique-2017-klassik","status":"publish","type":"page","link":"https:\/\/www.motivgruppe-musik.com\/en\/musik\/fete-de-la-musique-2017-klassik\/","title":{"rendered":"F\u00eate de la Musique 2017 (Classic Music)"},"content":{"rendered":"<p><div class=\"gdc_row\"><div class=\"gdc_column gdc_cthird\"><div class=\"gdc_inner\"><br \/>\n<img loading=\"lazy\" decoding=\"async\" src=\"https:\/\/www.motivgruppe-musik.com\/wp-content\/uploads\/2017\/04\/logo-300x160.jpg\" alt=\"\" width=\"300\" height=\"160\" class=\"alignnone size-medium wp-image-5474\" srcset=\"https:\/\/www.motivgruppe-musik.com\/wp-content\/uploads\/2017\/04\/logo-300x160.jpg 300w, https:\/\/www.motivgruppe-musik.com\/wp-content\/uploads\/2017\/04\/logo-150x80.jpg 150w, https:\/\/www.motivgruppe-musik.com\/wp-content\/uploads\/2017\/04\/logo.jpg 331w\" sizes=\"auto, (max-width: 300px) 100vw, 300px\" \/><br \/>\n<\/div><\/div><div class=\"gdc_column gdc_ctwo-thirds\"><div class=\"gdc_inner\"><br \/>\nThe &#8220;F\u00eate de la Musique&#8221;, first conducted in France in 1982, has evolved into a global music festival. Musicians, choirs, orchestras, bands and all organizations that have something to do with music, are called to get involved with any action to that day.<br \/>\n<\/div><\/div><\/div>Since we hardly can go out on the road with our stamps, members of Motivgruppe Musik have compiled a colorful bouquet of stamps to which you can listen to the associated music. Enjoy stamps &#038; music !<br \/>\n&nbsp;<br \/>\n<a class=\"wpe-button wpe-button-blue\" href=\"https:\/\/www.motivgruppe-musik.com\/musik\/fete-de-la-musique-2017-oper\/\">Opera<\/a>&nbsp;<a class=\"wpe-button wpe-button-blue\" href=\"https:\/\/www.motivgruppe-musik.com\/musik\/fete-de-la-musique-2017-tanz\/\">Dance<\/a>&nbsp;<a class=\"wpe-button wpe-button-blue\" href=\"https:\/\/www.motivgruppe-musik.com\/musik\/fete-de-la-musique-2017-popular\/\">Popular Music<\/a>&nbsp;<a class=\"wpe-button wpe-button-blue\" href=\"https:\/\/www.motivgruppe-musik.com\/musik\/fete-de-la-musique-2017-rock\/\">Rock Music<\/a>&nbsp;<a class=\"wpe-button wpe-button-blue\" href=\"https:\/\/www.motivgruppe-musik.com\/musik\/fete-de-la-musique-2017-jazz\/\">Jazz<\/a><br \/>\n<font size=\"-2\">Contributions by Hans-Joachim Kaufmann (D), Rudolf Wagner (D), G\u00fcnther Schwarz (D), Didier Lachnitt (F), John Moseley (GB), Ethel Bloesch (USA), Peter Lang (D), Klaus Kannengie\u00dfer (D), Karl-Heinz B\u00fcdding (D)<\/font><\/p>\n<div id=\"nav_menu-2\" class=\"widget-sidebar frontier-widget widget_nav_menu\"><center><iframe width=\"300\" src=\"https:\/\/www.youtube-nocookie.com\/embed\/GBaHPND2QJg?rel=0&amp;showinfo=0\" frameborder=\"1\" allowfullscreen><\/iframe>&nbsp;&nbsp;&nbsp;&nbsp;&nbsp;<img decoding=\"async\" src=\"https:\/\/www.motivgruppe-musik.com\/wp-content\/uploads\/2017\/04\/kolumbien-1977.jpg\" alt=\"\" width=\"110\" class=\"alignnone size-full wp-image-5865\" srcset=\"https:\/\/www.motivgruppe-musik.com\/wp-content\/uploads\/2017\/04\/kolumbien-1977.jpg 185w, https:\/\/www.motivgruppe-musik.com\/wp-content\/uploads\/2017\/04\/kolumbien-1977-109x150.jpg 109w\" sizes=\"(max-width: 185px) 100vw, 185px\" \/><br \/>\nLudwig Van Beethoven: &#8220;Ode to Joy&#8221; (Flashmob in Sabadell\/Spain 2012)<\/center>\n<\/div>\n<div id=\"nav_menu-2\" class=\"widget-sidebar frontier-widget widget_nav_menu\"><center><img decoding=\"async\" src=\"https:\/\/www.motivgruppe-musik.com\/wp-content\/uploads\/2017\/04\/liechtenstein-2006.jpg\" alt=\"\" width=\"204\" class=\"border\" \/>&nbsp;&nbsp;&nbsp;&nbsp;&nbsp;<iframe width=\"270\" src=\"https:\/\/www.youtube-nocookie.com\/embed\/fRgOCVarf0c?rel=0&amp;showinfo=0\" frameborder=\"1\" allowfullscreen><\/iframe><br \/>\n&#8220;Wedding March&#8221; from Mendelssohn&#8217;s incidental music to &#8220;A Midsummer Night&#8217;s Dream&#8221;<\/center>\n<\/div>\n<div id=\"nav_menu-2\" class=\"widget-sidebar frontier-widget widget_nav_menu\"><center><img decoding=\"async\" src=\"https:\/\/www.motivgruppe-musik.com\/wp-content\/uploads\/2017\/06\/Monaco-1975.jpg\" alt=\"\" width=\"120\" class=\"border\" \/>&nbsp;&nbsp;&nbsp;&nbsp;&nbsp;<iframe width=\"270\" src=\"https:\/\/www.youtube-nocookie.com\/embed\/IsF53JpBMlk?rel=0&amp;showinfo=0\" frameborder=\"1\" allowfullscreen><\/iframe><br \/>\nMaurice Ravel: &#8220;Bolero&#8221; (Flash Mob in Algemes\u00ed\/Spain 2013)<\/center>\n<\/div>\n<div id=\"nav_menu-2\" class=\"widget-sidebar frontier-widget widget_nav_menu\"><center><iframe width=\"300\" src=\"https:\/\/www.youtube-nocookie.com\/embed\/61wNmALWqlo?rel=0&amp;showinfo=0\" frameborder=\"1\" allowfullscreen><\/iframe>&nbsp;&nbsp;&nbsp;&nbsp;&nbsp;<img decoding=\"async\" src=\"https:\/\/www.motivgruppe-musik.com\/wp-content\/uploads\/2017\/06\/liechtenstein-2006-2.jpg\" alt=\"\" width=\"200\" class=\"border\" \/><br \/>\nJohann Strauss Vater: &#8220;Radetzkymarsch&#8221;<\/center>\n<\/div>\n<div id=\"nav_menu-2\" class=\"widget-sidebar frontier-widget widget_nav_menu\"><center><img decoding=\"async\" src=\"https:\/\/www.motivgruppe-musik.com\/wp-content\/uploads\/2017\/04\/Dahomey.jpg\" alt=\"\" width=\"92\" class=\"border\" \/>&nbsp;&nbsp;&nbsp;&nbsp;&nbsp;<iframe width=\"270\" src=\"https:\/\/www.youtube-nocookie.com\/embed\/oqSulR9Fymg?rel=0&amp;showinfo=0\" frameborder=\"1\" allowfullscreen><\/iframe><br \/>\nWilhelm Kempff performs Beethoven&#8217;s &#8220;Moonlight Sonata&#8221;<\/center>\n<\/div>\n<div id=\"nav_menu-2\" class=\"widget-sidebar frontier-widget widget_nav_menu\"><center><iframe width=\"270\" src=\"https:\/\/www.youtube-nocookie.com\/embed\/R8AD75_sNJM?rel=0&amp;showinfo=0\" frameborder=\"1\" allowfullscreen><\/iframe>&nbsp;&nbsp;&nbsp;&nbsp;&nbsp;<img decoding=\"async\" src=\"https:\/\/www.motivgruppe-musik.com\/wp-content\/uploads\/2017\/06\/monaco-1993.jpg\" alt=\"\" width=\"120\" class=\"border\" \/><br \/>\nMarita Solberg sings &#8220;Solveig&#8217;s Song&#8221; from Edvard Grieg&#8217;s incidental music for &#8220;Peer Gynt&#8221;<\/center>\n<\/div>\n<div id=\"nav_menu-2\" class=\"widget-sidebar frontier-widget widget_nav_menu\"><center><iframe width=\"270\" src=\"https:\/\/www.youtube-nocookie.com\/embed\/j9ln328idnk?rel=0&amp;showinfo=0\" frameborder=\"1\" allowfullscreen><\/iframe>&nbsp;&nbsp;&nbsp;&nbsp;&nbsp;<img decoding=\"async\" src=\"https:\/\/www.motivgruppe-musik.com\/wp-content\/uploads\/2017\/06\/T\u00fcrkei-1991.jpg\" alt=\"\" width=\"244\" class=\"border\" \/><br \/>\nMozart&#8217;s Rondo &#8220;Alla Turka&#8221; in an unusual interpretation<\/center>\n<\/div>\n<div id=\"nav_menu-2\" class=\"widget-sidebar frontier-widget widget_nav_menu\"><center><iframe width=\"300\" src=\"https:\/\/www.youtube-nocookie.com\/embed\/WANMioZCpGQ?rel=0&amp;showinfo=0\" frameborder=\"1\" allowfullscreen><\/iframe>&nbsp;&nbsp;&nbsp;&nbsp;&nbsp;<img decoding=\"async\" src=\"https:\/\/www.motivgruppe-musik.com\/wp-content\/uploads\/2017\/06\/GB-1972.jpg\" alt=\"\" width=\"205\" class=\"border\" \/><br \/>\nRaugh Vaughan Williams: &#8220;A Sea Symphony&#8221; (This is a very special stamp for me  \u2014 it was the inspiration and first stamp in my collection of stamps with musical notation)<\/center>\n<\/div>\n<div id=\"nav_menu-2\" class=\"widget-sidebar frontier-widget widget_nav_menu\"><center><iframe loading=\"lazy\" width=\"300\" height=\"169\" src=\"https:\/\/www.youtube-nocookie.com\/embed\/73K5gXHxpXU?rel=0&amp;showinfo=0\" frameborder=\"1\" allowfullscreen><\/iframe>&nbsp;&nbsp;&nbsp;&nbsp;&nbsp;<img decoding=\"async\" src=\"https:\/\/www.motivgruppe-musik.com\/wp-content\/uploads\/2017\/06\/rumaenien-1970.jpg\" alt=\"\" width=\"119\" class=\"border\" \/><br \/>\nAn angry Beethoven and his &#8220;Rage Over a Lost Penny&#8221; (Op. 129)<\/center>\n<\/div>\n<div id=\"nav_menu-2\" class=\"widget-sidebar frontier-widget widget_nav_menu\"><center><img decoding=\"async\" src=\"https:\/\/www.motivgruppe-musik.com\/wp-content\/uploads\/2017\/06\/deutschland-1977.jpg\" alt=\"\" width=\"100\" class=\"border\" \/>&nbsp;&nbsp;&nbsp;&nbsp;&nbsp;<iframe loading=\"lazy\" width=\"300\" height=\"169\" src=\"https:\/\/www.youtube-nocookie.com\/embed\/b_IICzXDug8?rel=0&amp;showinfo=0\" frameborder=\"1\" allowfullscreen><\/iframe><br \/>\nErnie Kovacs&#8217; interpretation of Richard Strauss&#8217; &#8220;Till Eulenspiegel&#8217;s Merry Pranks&#8221;<\/center>\n<\/div>\n<p><\/p>","protected":false},"excerpt":{"rendered":"<p>Since we hardly can go out on the road with our stamps, members of Motivgruppe Musik have compiled a colorful bouquet of stamps to which you can listen to the associated music. Enjoy stamps &#038; music ! &nbsp; Opera&nbsp;Dance&nbsp;Popular Music&nbsp;Rock Music&nbsp;Jazz Contributions by Hans-Joachim Kaufmann (D), Rudolf Wagner (D), G\u00fcnther Schwarz (D), Didier Lachnitt (F), [&hellip;]<\/p>\n","protected":false},"author":1,"featured_media":0,"parent":495,"menu_order":0,"comment_status":"closed","ping_status":"closed","template":"","meta":{"ngg_post_thumbnail":0,"footnotes":""},"class_list":["post-5471","page","type-page","status-publish","hentry"],"_links":{"self":[{"href":"https:\/\/www.motivgruppe-musik.com\/en\/wp-json\/wp\/v2\/pages\/5471","targetHints":{"allow":["GET"]}}],"collection":[{"href":"https:\/\/www.motivgruppe-musik.com\/en\/wp-json\/wp\/v2\/pages"}],"about":[{"href":"https:\/\/www.motivgruppe-musik.com\/en\/wp-json\/wp\/v2\/types\/page"}],"author":[{"embeddable":true,"href":"https:\/\/www.motivgruppe-musik.com\/en\/wp-json\/wp\/v2\/users\/1"}],"replies":[{"embeddable":true,"href":"https:\/\/www.motivgruppe-musik.com\/en\/wp-json\/wp\/v2\/comments?post=5471"}],"version-history":[{"count":2,"href":"https:\/\/www.motivgruppe-musik.com\/en\/wp-json\/wp\/v2\/pages\/5471\/revisions"}],"predecessor-version":[{"id":6134,"href":"https:\/\/www.motivgruppe-musik.com\/en\/wp-json\/wp\/v2\/pages\/5471\/revisions\/6134"}],"up":[{"embeddable":true,"href":"https:\/\/www.motivgruppe-musik.com\/en\/wp-json\/wp\/v2\/pages\/495"}],"wp:attachment":[{"href":"https:\/\/www.motivgruppe-musik.com\/en\/wp-json\/wp\/v2\/media?parent=5471"}],"curies":[{"name":"wp","href":"https:\/\/api.w.org\/{rel}","templated":true}]}}